{"id":2080,"date":"2024-02-13T20:46:19","date_gmt":"2024-02-13T20:46:19","guid":{"rendered":"https:\/\/ak-bk.cz\/?page_id=2080"},"modified":"2024-02-13T20:49:48","modified_gmt":"2024-02-13T20:49:48","slug":"studijni-poplatky-a-skolne-vsem","status":"publish","type":"page","link":"https:\/\/ak-bk.cz\/en\/studijni-poplatky-a-skolne-vsem\/","title":{"rendered":"Studijn\u00ed poplatky a \u0161koln\u00e9 V\u0160EM"},"content":{"rendered":"<h2>\n\t\tStudijn\u00ed poplatky a \u0161koln\u00e9 V\u0160EM\n\t<\/h2>\n\tOpakovan\u011b a \u00fasp\u011b\u0161n\u011b zastupujeme studenty Vysok\u00e9 \u0161koly ekonomie a managementu,<br>\npo kter\u00fdch \u0161kola po\u017eaduje poplatky r\u016fzn\u00e9ho typu p\u0159i ukon\u010den\u00ed studia. Nepla\u0165te<br>\nzbyte\u010dn\u011b v\u00edc ne\u017e mus\u00edte a sv\u011b\u0159te sv\u00e9 starosti do rukou odborn\u00edk\u016f!","protected":false},"excerpt":{"rendered":"<p>Studijn\u00ed poplatky a \u0161koln\u00e9 V\u0160EM Opakovan\u011b a \u00fasp\u011b\u0161n\u011b zastupujeme studenty Vysok\u00e9 \u0161koly ekonomie a managementu, po kter\u00fdch \u0161kola po\u017eaduje poplatky r\u016fzn\u00e9ho typu p\u0159i ukon\u010den\u00ed studia. Nepla\u0165te zbyte\u010dn\u011b v\u00edc ne\u017e mus\u00edte a sv\u011b\u0159te sv\u00e9 starosti do rukou odborn\u00edk\u016f!<\/p>","protected":false},"author":2,"featured_media":0,"parent":0,"menu_order":0,"comment_status":"closed","ping_status":"closed","template":"","meta":{"site-sidebar-layout":"default","site-content-layout":"default","ast-global-header-display":"","ast-banner-title-visibility":"","ast-main-header-display":"","ast-hfb-above-header-display":"","ast-hfb-below-header-display":"","ast-hfb-mobile-header-display":"","site-post-title":"","ast-breadcrumbs-content":"","ast-featured-img":"","footer-sml-layout":"","theme-transparent-header-meta":"","adv-header-id-meta":"","stick-header-meta":"","header-above-stick-meta":"","header-main-stick-meta":"","header-below-stick-meta":""},"aioseo_notices":[],"_links":{"self":[{"href":"https:\/\/ak-bk.cz\/en\/wp-json\/wp\/v2\/pages\/2080"}],"collection":[{"href":"https:\/\/ak-bk.cz\/en\/wp-json\/wp\/v2\/pages"}],"about":[{"href":"https:\/\/ak-bk.cz\/en\/wp-json\/wp\/v2\/types\/page"}],"author":[{"embeddable":true,"href":"https:\/\/ak-bk.cz\/en\/wp-json\/wp\/v2\/users\/2"}],"replies":[{"embeddable":true,"href":"https:\/\/ak-bk.cz\/en\/wp-json\/wp\/v2\/comments?post=2080"}],"version-history":[{"count":3,"href":"https:\/\/ak-bk.cz\/en\/wp-json\/wp\/v2\/pages\/2080\/revisions"}],"predecessor-version":[{"id":2083,"href":"https:\/\/ak-bk.cz\/en\/wp-json\/wp\/v2\/pages\/2080\/revisions\/2083"}],"wp:attachment":[{"href":"https:\/\/ak-bk.cz\/en\/wp-json\/wp\/v2\/media?parent=2080"}],"curies":[{"name":"wp","href":"https:\/\/api.w.org\/{rel}","templated":true}]}}